{"id":33,"date":"2024-03-14T23:56:38","date_gmt":"2024-03-14T23:56:38","guid":{"rendered":"https:\/\/joracarsil.com\/wp\/pagina-inicial\/"},"modified":"2024-10-10T19:41:05","modified_gmt":"2024-10-10T19:41:05","slug":"pagina-inicial","status":"publish","type":"page","link":"https:\/\/joracarsil.com\/wp\/","title":{"rendered":"P\u00e1gina Inicial"},"content":{"rendered":"<div class=\"\" style=\"\" >\n    \n    <section class=\"skrollable u-clearfix u-image u-parallax u-section-2\" src=\"\" id=\"carousel_8466\" style=\"background-image: url(&quot;https:\/\/joracarsil.com\/wp\/wp-content\/uploads\/2024\/03\/15844min1.jpg&quot;);\">\n      <div class=\"u-container-style u-group u-opacity u-opacity-75 u-palette-4-base u-group-1\">\n        <div class=\"u-container-layout u-valign-middle u-container-layout-1\">\n          <h1 class=\"u-text u-title u-text-1\" data-animation-name=\"customAnimationIn\" data-animation-duration=\"2000\" data-animation-delay=\"0\">Produzimos passamanarias para a ind\u00fastria textil<\/h1>\n          <a href=\"#\" class=\"u-btn u-btn-rectangle u-button-style u-radius-0 u-text-body-color u-white u-btn-1\">contacte-nos <\/a>\n        <\/div>\n      <\/div>\n    <\/section>\n    <section class=\"u-clearfix u-grey-5 u-section-3\" id=\"carousel_26ff\">\n      <div class=\"u-clearfix u-sheet u-sheet-1\">\n        <img decoding=\"async\" class=\"u-expanded-width u-image u-image-1\" src=\"https:\/\/joracarsil.com\/wp\/wp-content\/uploads\/2024\/03\/image2.png\" data-image-width=\"1024\" data-image-height=\"768\">\n        <div class=\"data-layout-selected u-clearfix u-gutter-20 u-layout-wrap u-layout-wrap-1\">\n          <div class=\"u-layout\">\n            <div class=\"u-layout-row\">\n              <div class=\"u-container-style u-image u-layout-cell u-left-cell u-size-30 u-image-2\" src=\"\" data-image-width=\"1024\" data-image-height=\"768\" style=\"background-image: url(&quot;https:\/\/joracarsil.com\/wp\/wp-content\/uploads\/2024\/03\/image0.png&quot;);\">\n                <div class=\"u-container-layout u-valign-top u-container-layout-1\"><\/div>\n              <\/div>\n              <div class=\"u-align-center u-border-no-bottom u-border-no-left u-border-no-right u-border-no-top u-container-align-center u-container-style u-layout-cell u-right-cell u-size-30 u-white u-layout-cell-2\">\n                <div class=\"u-container-layout u-valign-middle u-container-layout-2\">\n                  <h5 class=\"u-text u-text-1\"> Somos uma empresa dedica \u00e0 produ\u00e7\u00e3o e comercializa\u00e7\u00e3o de acess\u00f3rios de qualidade para a ind\u00fastria t\u00eaxtil<\/h5>\n                  <a href=\"https:\/\/joracarsil.com\/wp\/sobre\/\" class=\"u-btn u-button-style u-btn-1\">Saiba mais<\/a>\n                <\/div>\n              <\/div>\n            <\/div>\n          <\/div>\n        <\/div>\n      <\/div>\n    <\/section>\n    <section class=\"u-black u-clearfix u-section-4\" id=\"carousel_38e2\">\n      <div class=\"u-container-style u-group u-similar-fill u-group-1\">\n        <div class=\"u-container-layout u-container-layout-1\">\n          <h5 class=\"u-align-center u-text u-text-1\">Portf\u00f3lio<\/h5>\n          <h2 class=\"u-align-center u-text u-text-2\">Projetos Recentes<\/h2>\n        <\/div>\n      <\/div>\n      <div class=\"data-layout-selected u-clearfix u-expanded-width u-layout-wrap u-layout-wrap-1\">\n        <div class=\"u-gutter-0 u-layout\">\n          <div class=\"u-layout-col\">\n            <div class=\"u-size-30\">\n              <div class=\"u-layout-row\">\n                <div class=\"u-container-style u-image u-layout-cell u-left-cell u-similar-fill u-size-15 u-size-30-md u-image-1\" data-image-width=\"1024\" data-image-height=\"768\" style=\"background-image: url(&quot;https:\/\/joracarsil.com\/wp\/wp-content\/uploads\/2024\/03\/image5.png&quot;);\">\n                  <div class=\"u-container-layout\"><\/div>\n                <\/div>\n                <div class=\"u-container-style u-image u-layout-cell u-similar-fill u-size-15 u-size-30-md u-image-2\" data-image-width=\"1024\" data-image-height=\"768\" style=\"background-image: url(&quot;https:\/\/joracarsil.com\/wp\/wp-content\/uploads\/2024\/03\/image0.png&quot;);\">\n                  <div class=\"u-container-layout\"><\/div>\n                <\/div>\n                <div class=\"u-container-style u-image u-layout-cell u-similar-fill u-size-15 u-size-30-md u-image-3\" data-image-width=\"1024\" data-image-height=\"768\" style=\"background-image: url(&quot;https:\/\/joracarsil.com\/wp\/wp-content\/uploads\/2024\/03\/image2.png&quot;);\">\n                  <div class=\"u-container-layout\"><\/div>\n                <\/div>\n                <div class=\"u-container-style u-image u-layout-cell u-right-cell u-similar-fill u-size-15 u-size-30-md u-image-4\" data-image-width=\"1024\" data-image-height=\"768\" style=\"background-image: url(&quot;https:\/\/joracarsil.com\/wp\/wp-content\/uploads\/2024\/03\/image1.png&quot;);\">\n                  <div class=\"u-container-layout\"><\/div>\n                <\/div>\n              <\/div>\n            <\/div>\n            <div class=\"u-size-30\">\n              <div class=\"u-layout-row\">\n                <div class=\"u-container-style u-image u-layout-cell u-left-cell u-similar-fill u-size-15 u-size-30-md u-image-5\" data-image-width=\"1024\" data-image-height=\"768\" style=\"background-image: url(&quot;https:\/\/joracarsil.com\/wp\/wp-content\/uploads\/2024\/03\/image4.png&quot;);\">\n                  <div class=\"u-container-layout\"><\/div>\n                <\/div>\n                <div class=\"u-container-style u-image u-layout-cell u-similar-fill u-size-15 u-size-30-md u-image-6\" data-image-width=\"1024\" data-image-height=\"768\" style=\"background-image: url(&quot;https:\/\/joracarsil.com\/wp\/wp-content\/uploads\/2024\/03\/image3.png&quot;);\">\n                  <div class=\"u-container-layout\"><\/div>\n                <\/div>\n                <div class=\"u-container-style u-image u-layout-cell u-size-15 u-size-30-md u-image-7\" imgwidth=\"480\" imgheight=\"400\" style=\"background-image: url(&quot;https:\/\/joracarsil.com\/wp\/wp-content\/uploads\/2024\/03\/516d0cf7e883585853018116d942949c.png&quot;);\">\n                  <div class=\"u-container-layout\"><\/div>\n                <\/div>\n                <div class=\"u-container-style u-image u-layout-cell u-right-cell u-size-15 u-size-30-md u-image-8\" imgwidth=\"480\" imgheight=\"400\" style=\"background-image: url(&quot;https:\/\/joracarsil.com\/wp\/wp-content\/uploads\/2024\/03\/24f25b480b4e49ccb7c463893d04da4d.png&quot;);\">\n                  <div class=\"u-container-layout\"><\/div>\n                <\/div>\n              <\/div>\n            <\/div>\n          <\/div>\n        <\/div>\n      <\/div>\n    <\/section>\n    <section class=\"u-align-center u-clearfix u-container-align-center u-grey-5 u-section-5\" id=\"sec-bbb5\">\n      <div class=\"u-clearfix u-sheet u-sheet-1\">\n        <h2 class=\"u-text u-text-default u-text-1\">Contacte-nos<\/h2>\n        <p class=\"u-text u-text-2\">Ou visite-nos nas nossas instala\u00e7\u00f5es<\/p>\n        <div class=\"u-align-left u-expanded-width u-grey-10 u-map u-map-1\">\n          <div class=\"embed-responsive\">\n            <iframe class=\"embed-responsive-item\" src=\"https:\/\/maps.google.com\/maps?output=embed&amp;key=AIzaSyAp6wuF94-vG2wC82Pia7CWn-J_JFu4Cp8&amp;q=G9C2%2BX7%20Vila%20Frescainha&amp;z=16&amp;t=m\" data-map=\"JTdCJTIycG9zaXRpb25UeXBlJTIyJTNBJTIybWFwLWFkZHJlc3MlMjIlMkMlMjJhZGRyZXNzJTIyJTNBJTIyRzlDMiUyQlg3JTIwVmlsYSUyMEZyZXNjYWluaGElMjIlMkMlMjJ6b29tJTIyJTNBMTYlMkMlMjJ0eXBlSWQlMjIlM0ElMjJyb2FkJTIyJTJDJTIybGFuZyUyMiUzQW51bGwlMkMlMjJhcGlLZXklMjIlM0ElMjJBSXphU3lBcDZ3dUY5NC12RzJ3QzgyUGlhN0NXbi1KX0pGdTRDcDglMjIlMkMlMjJtYXJrZXJzJTIyJTNBJTVCJTVEJTdE\"><\/iframe>\n          <\/div>\n        <\/div>\n        <div class=\"data-layout-selected u-clearfix u-expanded-width u-layout-wrap u-layout-wrap-1\">\n          <div class=\"u-gutter-0 u-layout\">\n            <div class=\"u-layout-row\">\n              <div class=\"u-align-left u-container-align-left u-container-style u-layout-cell u-left-cell u-size-30 u-layout-cell-1\">\n                <div class=\"u-container-layout u-valign-bottom u-container-layout-1\">\n                  <h4 class=\"u-text u-text-3\"> Joracarsil - Industria de Passamanarias, Lda<\/h4>\n                  <p class=\"u-text u-text-4\"> Parque Industrial das Lamelas -&nbsp;Pavilh\u00e3o D<br>Vila Fresca\u00ednha de S. Pedro<br>4750-841Barcelos<br>Portugal \n                  <\/p>\n                <\/div>\n              <\/div>\n              <div class=\"u-align-left u-container-align-left u-container-style u-layout-cell u-right-cell u-size-30 u-layout-cell-2\">\n                <div class=\"u-container-layout u-container-layout-2\">\n                  <h4 class=\"u-text u-text-5\">Telefone:<\/h4>\n                  <p class=\"u-text u-text-6\">+351 253 826 561<\/p>\n                  <h4 class=\"u-text u-text-7\">Email:<\/h4>\n                  <p class=\"u-text u-text-8\">geral@joracarsil.com<\/p>\n                <\/div>\n              <\/div>\n            <\/div>\n          <\/div>\n        <\/div>\n      <\/div>\n    <\/section>\n    \n    \n    \n  \n<\/div>","protected":false},"excerpt":{"rendered":"<p>Produzimos passamanarias para a ind\u00fastria textil contacte-nos Somos uma empresa dedica \u00e0 produ\u00e7\u00e3o e comercializa\u00e7\u00e3o de acess\u00f3rios de qualidade para a ind\u00fastria t\u00eaxtil Saiba mais Portf\u00f3lio Projetos Recentes Contacte-nos Ou visite-nos nas nossas instala\u00e7\u00f5es Joracarsil &#8211; Industria de Passamanarias, Lda Parque Industrial das Lamelas &#8211;&nbsp;Pavilh\u00e3o DVila Fresca\u00ednha de S. Pedro4750-841BarcelosPortugal Telefone: +351 253 826 561 [&hellip;]<\/p>\n","protected":false},"author":1,"featured_media":0,"parent":0,"menu_order":2,"comment_status":"closed","ping_status":"closed","template":"","meta":{"footnotes":""},"class_list":["post-33","page","type-page","status-publish","hentry"],"_links":{"self":[{"href":"https:\/\/joracarsil.com\/wp\/wp-json\/wp\/v2\/pages\/33","targetHints":{"allow":["GET"]}}],"collection":[{"href":"https:\/\/joracarsil.com\/wp\/wp-json\/wp\/v2\/pages"}],"about":[{"href":"https:\/\/joracarsil.com\/wp\/wp-json\/wp\/v2\/types\/page"}],"author":[{"embeddable":true,"href":"https:\/\/joracarsil.com\/wp\/wp-json\/wp\/v2\/users\/1"}],"replies":[{"embeddable":true,"href":"https:\/\/joracarsil.com\/wp\/wp-json\/wp\/v2\/comments?post=33"}],"version-history":[{"count":5,"href":"https:\/\/joracarsil.com\/wp\/wp-json\/wp\/v2\/pages\/33\/revisions"}],"predecessor-version":[{"id":123,"href":"https:\/\/joracarsil.com\/wp\/wp-json\/wp\/v2\/pages\/33\/revisions\/123"}],"wp:attachment":[{"href":"https:\/\/joracarsil.com\/wp\/wp-json\/wp\/v2\/media?parent=33"}],"curies":[{"name":"wp","href":"https:\/\/api.w.org\/{rel}","templated":true}]}}